{"id":139,"date":"2022-11-27T22:19:19","date_gmt":"2022-11-27T22:19:19","guid":{"rendered":"https:\/\/musing-elion.45-10-26-3.plesk.page\/?page_id=139"},"modified":"2022-11-28T18:07:28","modified_gmt":"2022-11-28T18:07:28","slug":"ziele","status":"publish","type":"page","link":"https:\/\/musing-elion.45-10-26-3.plesk.page\/?page_id=139","title":{"rendered":"Unsere Ziele"},"content":{"rendered":"\n<div class=\"wp-block-columns alignwide is-layout-flex wp-container-core-columns-is-layout-28f84493 wp-block-columns-is-layout-flex\">\n<div class=\"wp-block-column is-layout-flow wp-block-column-is-layout-flow\" style=\"flex-basis:60%\">\n<figure class=\"wp-block-image aligncenter size-full\"><img loading=\"lazy\" decoding=\"async\" width=\"977\" height=\"724\" src=\"https:\/\/musing-elion.45-10-26-3.plesk.page\/wp-content\/uploads\/2022\/11\/photo_2022-11-27_21-42-30.jpg\" alt=\"\" class=\"wp-image-144\" srcset=\"https:\/\/musing-elion.45-10-26-3.plesk.page\/wp-content\/uploads\/2022\/11\/photo_2022-11-27_21-42-30.jpg 977w, https:\/\/musing-elion.45-10-26-3.plesk.page\/wp-content\/uploads\/2022\/11\/photo_2022-11-27_21-42-30-300x222.jpg 300w, https:\/\/musing-elion.45-10-26-3.plesk.page\/wp-content\/uploads\/2022\/11\/photo_2022-11-27_21-42-30-768x569.jpg 768w\" sizes=\"auto, (max-width: 977px) 100vw, 977px\" \/><\/figure>\n<\/div>\n\n\n\n<div class=\"wp-block-column is-layout-flow wp-block-column-is-layout-flow\" style=\"flex-basis:40%\">\n<p>Unser Wunsch ist es, die Lebensbedingungen benachteiligter Bev\u00f6lkerungsgruppen in Afrika und vor allem in Kamerun zu verbessern, jedem armen Kind in diesen L\u00e4ndern den Schulbesuch zu erm\u00f6glichen und Ihnen den Zugang zur Gesundheitsversorgung zu erm\u00f6glichen. Es liegt auch in unserer Verantwortung, durch die Schaffung von Arbeitspl\u00e4tzen, die Bereitstellung von Schulungen und die F\u00f6rderung von Genossenschaften f\u00fcr Frauen oder Behinderte zur sozio\u00f6konomischen Entwicklung beizutragen.<\/p>\n\n\n\n<p>Wir unterst\u00fctzen auch Selbsthilfeprojekte in Entwicklungsl\u00e4ndern mit welcher wir arbeiten.<\/p>\n<\/div>\n<\/div>\n\n\n\n<div class=\"wp-block-group alignwide is-layout-flow wp-block-group-is-layout-flow\">\n<p>Die derzeitigen Mittel zur Erreichung unserer koh\u00e4renten Ziele bestehen zun\u00e4chst in enger Zusammenarbeit mit unseren Partnerverb\u00e4nden wie Hope in Tomorrow, die in den L\u00e4ndern vertreten sind, in denen wir helfen, und in der Beherrschung der lokalen Realit\u00e4ten und der geltenden Gesetze.<\/p>\n<\/div>\n\n\n\n<div class=\"wp-block-columns alignwide is-layout-flex wp-container-core-columns-is-layout-d7d455e7 wp-block-columns-is-layout-flex\" style=\"padding-top:0;padding-right:0;padding-bottom:0;padding-left:0\">\n<div class=\"wp-block-column is-vertically-aligned-center is-layout-flow wp-block-column-is-layout-flow\" style=\"padding-top:0;padding-right:0;padding-bottom:0;padding-left:0;flex-basis:40%\">\n<p>Die zu erreichenden Ziele sind unter anderem die F\u00f6rderung von Bildung, Gesundheit und sozialer Entwicklung benachteiligter Menschen, ohne die Wiedereingliederungshilfe \/ Integration afrikanischer Migranten und Fl\u00fcchtlinge in Deutschland oder derjenigen, die in ihr Herkunftsland zur\u00fcckgekehrt sind, zu vergessen. Ziel ist es, die gef\u00e4hrlichen Verbannten, den Verlust von Menschenleben und die Humanressourcen im Mittelmeerraum so weit wie m\u00f6glich zu reduzieren.&nbsp;<\/p>\n<\/div>\n\n\n\n<div class=\"wp-block-column is-vertically-aligned-top is-layout-flow wp-block-column-is-layout-flow\" style=\"flex-basis:75%\">\n<figure class=\"wp-block-image size-large is-resized\"><img loading=\"lazy\" decoding=\"async\" src=\"https:\/\/musing-elion.45-10-26-3.plesk.page\/wp-content\/uploads\/2022\/11\/395df964-bcab-4e21-9751-d45262834a16-1024x683.webp\" alt=\"\" class=\"wp-image-116\" width=\"637\" height=\"424\" srcset=\"https:\/\/musing-elion.45-10-26-3.plesk.page\/wp-content\/uploads\/2022\/11\/395df964-bcab-4e21-9751-d45262834a16-1024x683.webp 1024w, https:\/\/musing-elion.45-10-26-3.plesk.page\/wp-content\/uploads\/2022\/11\/395df964-bcab-4e21-9751-d45262834a16-300x200.webp 300w, https:\/\/musing-elion.45-10-26-3.plesk.page\/wp-content\/uploads\/2022\/11\/395df964-bcab-4e21-9751-d45262834a16-768x513.webp 768w, https:\/\/musing-elion.45-10-26-3.plesk.page\/wp-content\/uploads\/2022\/11\/395df964-bcab-4e21-9751-d45262834a16.webp 1440w\" sizes=\"auto, (max-width: 637px) 100vw, 637px\" \/><\/figure>\n<\/div>\n<\/div>\n\n\n\n<div class=\"wp-block-group alignwide is-layout-flow wp-block-group-is-layout-flow\">\n<p>Unsere Mission kann ohne Ihre Unterst\u00fctzung nicht erreicht werden, da wir haupts\u00e4chlich von Spenden und dem Erl\u00f6s aus dem Verkauf von Artikeln leben, die wir produzieren oder die von unseren Partnern zur Verf\u00fcgung gestellt werden.&nbsp;<\/p>\n\n\n\n<p>Wir sind einen eingetragenen gemeinn\u00fctzigen Verein; Spenden k\u00f6nnen also von Steuer abgesetzt werden und Sie bekommen selbstverst\u00e4ndlich eine Spendenbescheinigung.<\/p>\n<\/div>\n\n\n\n<div class=\"wp-block-columns alignwide is-layout-flex wp-container-core-columns-is-layout-28f84493 wp-block-columns-is-layout-flex\">\n<div class=\"wp-block-column is-layout-flow wp-block-column-is-layout-flow\" style=\"flex-basis:100%\">\n<div class=\"wp-block-group alignwide is-layout-flow wp-container-core-group-is-layout-ee2d73b8 wp-block-group-is-layout-flow\" style=\"padding-top:0;padding-right:0;padding-bottom:0;padding-left:0\">\n<div class=\"wp-block-columns is-layout-flex wp-container-core-columns-is-layout-28f84493 wp-block-columns-is-layout-flex\">\n<div class=\"wp-block-column is-layout-flow wp-block-column-is-layout-flow\" style=\"flex-basis:40%\">\n<figure class=\"wp-block-image size-large\"><img loading=\"lazy\" decoding=\"async\" width=\"683\" height=\"1024\" src=\"https:\/\/musing-elion.45-10-26-3.plesk.page\/wp-content\/uploads\/2022\/11\/242955ca-cbc3-4c73-9ee0-21d32900ae47-683x1024.webp\" alt=\"\" class=\"wp-image-111\" srcset=\"https:\/\/musing-elion.45-10-26-3.plesk.page\/wp-content\/uploads\/2022\/11\/242955ca-cbc3-4c73-9ee0-21d32900ae47-683x1024.webp 683w, https:\/\/musing-elion.45-10-26-3.plesk.page\/wp-content\/uploads\/2022\/11\/242955ca-cbc3-4c73-9ee0-21d32900ae47-200x300.webp 200w, https:\/\/musing-elion.45-10-26-3.plesk.page\/wp-content\/uploads\/2022\/11\/242955ca-cbc3-4c73-9ee0-21d32900ae47-768x1152.webp 768w, https:\/\/musing-elion.45-10-26-3.plesk.page\/wp-content\/uploads\/2022\/11\/242955ca-cbc3-4c73-9ee0-21d32900ae47.webp 960w\" sizes=\"auto, (max-width: 683px) 100vw, 683px\" \/><\/figure>\n<\/div>\n\n\n\n<div class=\"wp-block-column is-vertically-aligned-top is-layout-flow wp-block-column-is-layout-flow\" style=\"flex-basis:60%\">\n<div class=\"wp-block-group is-layout-constrained wp-block-group-is-layout-constrained\">\n<p class=\"has-link-color wp-elements-042ceebeb6481a63e07bffe9dfd41a70\">Unter Projekte k\u00f6nnen Sie die Projekte finden, die wir f\u00f6rdern wollen und auch die die schon abgeschlossen oder in Realisierung sind.<\/p>\n\n\n\n<p>M\u00f6chten Sie sich uns anschlie\u00dfen oder uns finanziell helfen? <\/p>\n<\/div>\n\n\n\n<div style=\"height:5rem\" aria-hidden=\"true\" class=\"wp-block-spacer\"><\/div>\n\n\n\n<div class=\"wp-block-group is-content-justification-center is-layout-constrained wp-container-core-group-is-layout-1076bfc5 wp-block-group-is-layout-constrained\">\n<div class=\"wp-block-buttons alignwide is-vertical is-content-justification-left is-layout-flex wp-container-core-buttons-is-layout-dd225191 wp-block-buttons-is-layout-flex\">\n<div class=\"wp-block-button has-custom-width wp-block-button__width-100\"><a class=\"wp-block-button__link wp-element-button\" href=\"https:\/\/musing-elion.45-10-26-3.plesk.page\/?page_id=182\" style=\"border-radius:5px\">Projekte<\/a><\/div>\n\n\n\n<div class=\"wp-block-button has-custom-width wp-block-button__width-100\"><a class=\"wp-block-button__link wp-element-button\" href=\"https:\/\/musing-elion.45-10-26-3.plesk.page\/?page_id=242\" style=\"border-radius:5px\">Spenden<\/a><\/div>\n\n\n\n<div class=\"wp-block-button has-custom-width wp-block-button__width-100\"><a class=\"wp-block-button__link wp-element-button\" href=\"https:\/\/musing-elion.45-10-26-3.plesk.page\/?page_id=248\" style=\"border-radius:5px\">Mitgliedschaft<\/a><\/div>\n<\/div>\n<\/div>\n<\/div>\n<\/div>\n<\/div>\n<\/div>\n<\/div>\n\n\n\n<div class=\"wp-block-group alignwide is-content-justification-left is-nowrap is-layout-flex wp-container-core-group-is-layout-8c40345b wp-block-group-is-layout-flex\">\n<p><\/p>\n<\/div>\n","protected":false},"excerpt":{"rendered":"<p>Unser Wunsch ist es, die Lebensbedingungen benachteiligter Bev\u00f6lkerungsgruppen in Afrika und vor allem in Kamerun zu verbessern, jedem armen Kind in diesen L\u00e4ndern den Schulbesuch zu erm\u00f6glichen und Ihnen den Zugang zur Gesundheitsversorgung zu erm\u00f6glichen. Es liegt auch in unserer Verantwortung, durch die Schaffung von Arbeitspl\u00e4tzen, die Bereitstellung von Schulungen und die F\u00f6rderung von Genossenschaften [&hellip;]<\/p>\n","protected":false},"author":2,"featured_media":0,"parent":0,"menu_order":0,"comment_status":"closed","ping_status":"closed","template":"wp-custom-template-sc-seite-breit","meta":{"footnotes":""},"class_list":["post-139","page","type-page","status-publish","hentry"],"_links":{"self":[{"href":"https:\/\/musing-elion.45-10-26-3.plesk.page\/index.php?rest_route=\/wp\/v2\/pages\/139","targetHints":{"allow":["GET"]}}],"collection":[{"href":"https:\/\/musing-elion.45-10-26-3.plesk.page\/index.php?rest_route=\/wp\/v2\/pages"}],"about":[{"href":"https:\/\/musing-elion.45-10-26-3.plesk.page\/index.php?rest_route=\/wp\/v2\/types\/page"}],"author":[{"embeddable":true,"href":"https:\/\/musing-elion.45-10-26-3.plesk.page\/index.php?rest_route=\/wp\/v2\/users\/2"}],"replies":[{"embeddable":true,"href":"https:\/\/musing-elion.45-10-26-3.plesk.page\/index.php?rest_route=%2Fwp%2Fv2%2Fcomments&post=139"}],"version-history":[{"count":18,"href":"https:\/\/musing-elion.45-10-26-3.plesk.page\/index.php?rest_route=\/wp\/v2\/pages\/139\/revisions"}],"predecessor-version":[{"id":358,"href":"https:\/\/musing-elion.45-10-26-3.plesk.page\/index.php?rest_route=\/wp\/v2\/pages\/139\/revisions\/358"}],"wp:attachment":[{"href":"https:\/\/musing-elion.45-10-26-3.plesk.page\/index.php?rest_route=%2Fwp%2Fv2%2Fmedia&parent=139"}],"curies":[{"name":"wp","href":"https:\/\/api.w.org\/{rel}","templated":true}]}}