{"id":304,"date":"2022-11-28T04:23:12","date_gmt":"2022-11-28T04:23:12","guid":{"rendered":"https:\/\/musing-elion.45-10-26-3.plesk.page\/?page_id=304"},"modified":"2022-11-28T17:55:07","modified_gmt":"2022-11-28T17:55:07","slug":"ueber-uns","status":"publish","type":"page","link":"https:\/\/musing-elion.45-10-26-3.plesk.page\/?page_id=304","title":{"rendered":"\u00dcber uns"},"content":{"rendered":"\n<div class=\"wp-block-group alignwide is-layout-flow wp-block-group-is-layout-flow\">\n<p>Verein zur F\u00f6rderung von Gesundheit, Bildung und kulturellen Austausch<\/p>\n\n\n\n<p>Unser Vereinsname Suncome e.V. bedeutet Sonnenaufgang, das hei\u00dft unsere Projekte sollen etwas bewegen, verbessern oder zum Leuchten bringen. Wir arbeiten seit 2020 als eingetragener Verein, um gemeinsam mit bed\u00fcrftigem Menschen in Deutschland und Afrika, soziale Begegnungen zu f\u00f6rdern und neue Wege zu er\u00f6ffnen.<\/p>\n\n\n\n<p>Unsere Ziele sind die F\u00f6rderung von Gesundheit, Bildung und kultureller Austausch im in- und Ausland. Wir arbeiten mit kleineren und gr\u00f6\u00dferen Projekten in l\u00e4ndlichen Gebieten. Derzeit sind wir auch in Kamerun engagiert, einem armen Land in Afrika, in dem wir einen Partnerverband haben.<\/p>\n\n\n\n<p>Die Zwecke, die wir laut Satzung verfolgen sind:<br><\/p>\n\n\n\n<ul class=\"wp-block-list\">\n<li>Erziehung, Volks- und Berufsbildung<\/li>\n\n\n\n<li>Kunst und Kultur<\/li>\n\n\n\n<li>Hilfe f\u00fcr Fl\u00fcchtlinge und Kriegsopfer<\/li>\n\n\n\n<li>\u00d6ffentlichen Gesundheitswesens und der \u00f6ffentlichen Gesundheitspflege<\/li>\n\n\n\n<li>Unterst\u00fctzung hilfebed\u00fcrftiger Personen im In und Ausland<\/li>\n\n\n\n<li>Beschaffung von Mitteln zur F\u00f6rderung der genannten Zwecke<\/li>\n<\/ul>\n\n\n\n<p>Du m\u00f6chtest uns unterst\u00fctzen und ein Teil von Suncome e.V. werden?<\/p>\n\n\n\n<div class=\"wp-block-buttons is-content-justification-right is-layout-flex wp-container-core-buttons-is-layout-d445cf74 wp-block-buttons-is-layout-flex\">\n<div class=\"wp-block-button\"><a class=\"wp-block-button__link wp-element-button\" href=\"https:\/\/musing-elion.45-10-26-3.plesk.page\/?page_id=248\" style=\"border-radius:5px\">Mitglied werden<\/a><\/div>\n<\/div>\n<\/div>\n","protected":false},"excerpt":{"rendered":"<p>Verein zur F\u00f6rderung von Gesundheit, Bildung und kulturellen Austausch Unser Vereinsname Suncome e.V. bedeutet Sonnenaufgang, das hei\u00dft unsere Projekte sollen etwas bewegen, verbessern oder zum Leuchten bringen. Wir arbeiten seit 2020 als eingetragener Verein, um gemeinsam mit bed\u00fcrftigem Menschen in Deutschland und Afrika, soziale Begegnungen zu f\u00f6rdern und neue Wege zu er\u00f6ffnen. Unsere Ziele sind [&hellip;]<\/p>\n","protected":false},"author":2,"featured_media":305,"parent":0,"menu_order":0,"comment_status":"closed","ping_status":"closed","template":"wp-custom-template-sc-seite","meta":{"footnotes":""},"class_list":["post-304","page","type-page","status-publish","has-post-thumbnail","hentry"],"_links":{"self":[{"href":"https:\/\/musing-elion.45-10-26-3.plesk.page\/index.php?rest_route=\/wp\/v2\/pages\/304","targetHints":{"allow":["GET"]}}],"collection":[{"href":"https:\/\/musing-elion.45-10-26-3.plesk.page\/index.php?rest_route=\/wp\/v2\/pages"}],"about":[{"href":"https:\/\/musing-elion.45-10-26-3.plesk.page\/index.php?rest_route=\/wp\/v2\/types\/page"}],"author":[{"embeddable":true,"href":"https:\/\/musing-elion.45-10-26-3.plesk.page\/index.php?rest_route=\/wp\/v2\/users\/2"}],"replies":[{"embeddable":true,"href":"https:\/\/musing-elion.45-10-26-3.plesk.page\/index.php?rest_route=%2Fwp%2Fv2%2Fcomments&post=304"}],"version-history":[{"count":7,"href":"https:\/\/musing-elion.45-10-26-3.plesk.page\/index.php?rest_route=\/wp\/v2\/pages\/304\/revisions"}],"predecessor-version":[{"id":385,"href":"https:\/\/musing-elion.45-10-26-3.plesk.page\/index.php?rest_route=\/wp\/v2\/pages\/304\/revisions\/385"}],"wp:featuredmedia":[{"embeddable":true,"href":"https:\/\/musing-elion.45-10-26-3.plesk.page\/index.php?rest_route=\/wp\/v2\/media\/305"}],"wp:attachment":[{"href":"https:\/\/musing-elion.45-10-26-3.plesk.page\/index.php?rest_route=%2Fwp%2Fv2%2Fmedia&parent=304"}],"curies":[{"name":"wp","href":"https:\/\/api.w.org\/{rel}","templated":true}]}}